{"id":6865,"date":"2023-01-29T15:46:44","date_gmt":"2023-01-29T13:46:44","guid":{"rendered":"https:\/\/www.alumnita.lt\/?page_id=6865"},"modified":"2023-08-22T16:34:42","modified_gmt":"2023-08-22T14:34:42","slug":"apie-mus","status":"publish","type":"page","link":"https:\/\/www.alumnita.lt\/en\/apie-mus\/","title":{"rendered":"About us"},"content":{"rendered":"<h2 style=\"\">We are an industrial company providing metalworking services.<\/h2>\n<p>We are a fast-growing company whose main goal is to provide the highest level of service in metalworking (aluminum, steel, stainless steel, brass and other metals). This goal is achieved by the fact that we use the latest technologies in production, as well as our team consists of highly experienced, ambitious and talented specialists. <strong>Our advantage is a flexible and open approach to the customer&#039;s wishes and fast order fulfillment time.<\/strong><\/p>\n<h3 style=\"\">Our advantages<\/h3>\n<p><span><img decoding=\"async\" alt=\"\" data-id=\"7017\" data-init-width=\"173\" data-init-height=\"130\" title=\"\" loading=\"lazy\" src=\"\/\/www.alumnita.lt\/wp-content\/uploads\/2023\/01\/Layer-2@2x-6.png\" data-width=\"86\" style=\"aspect-ratio: auto 173 \/ 130;\" width=\"86\" height=\"130\"><\/span><\/p>\n<h3 style=\"\">Speed<\/h3>\n<p style=\"\">We are flexible, so the order execution time is usually short.<\/p>\n<p><span><img decoding=\"async\" alt=\"\" data-id=\"7016\" data-init-width=\"149\" data-init-height=\"149\" title=\"Layer 2@2x\" loading=\"lazy\" src=\"\/\/www.alumnita.lt\/wp-content\/uploads\/2023\/01\/Layer-2@2x-5.png\" data-width=\"74\" style=\"aspect-ratio: auto 149 \/ 149;\" width=\"74\" height=\"149\"><\/span><\/p>\n<h3 style=\"\">Technologies<\/h3>\n<p style=\"\">In production, we use only the latest technology devices.<\/p>\n<p><span><img decoding=\"async\" alt=\"\" data-id=\"7018\" data-init-width=\"145\" data-init-height=\"95\" title=\"\" loading=\"lazy\" src=\"\/\/www.alumnita.lt\/wp-content\/uploads\/2023\/01\/Layer-2@2x-7.png\" data-width=\"72\" style=\"aspect-ratio: auto 145 \/ 95;\" width=\"72\" height=\"95\"><\/span><\/p>\n<h3 style=\"\">Team<\/h3>\n<p style=\"\">Our team consists of highly experienced and ambitious specialists.<\/p>\n<p><span><img decoding=\"async\" alt=\"metalo apdirbimo paslaugos\" data-id=\"6765\" data-init-width=\"1119\" data-init-height=\"309\" title=\"aboutemusMask Group 14\" loading=\"lazy\" src=\"\/\/www.alumnita.lt\/wp-content\/uploads\/2023\/01\/apiemusMask-Group-14.png\" data-width=\"1119\" style=\"aspect-ratio: auto 1119 \/ 309;\" width=\"1119\" height=\"309\"><\/span><\/p>\n<h3 style=\"\">We believe in what we create and the path we follow.<\/h3>\n<p>Our core values are <strong>teamwork, craftsmanship, technology and the highest work results.<\/strong> These values reflect our company&#039;s activities and what we believe. By implementing them, we know that this is the main key to a great working environment and the highest quality of services.&nbsp;<\/p>\n<p style=\"\"><em>\u201eEsame \u012fmon\u0117, siekianti tapti rinkos lydere aliuminio bei kit\u0173 metal\u0173 apdirbimo srityje ne tik Lietuvoje, ta\u010diau ir Baltijos \u0161ali\u0173 regione. Mes tikime tuo, investuojame \u012f naujausias technologijas, atliekame mokymus ir tobul\u0117jame, nes m\u016bs\u0173 tikslas &#8211; auk\u0161\u010diausios kokyb\u0117s paslaugos metalo apdirbimo srityje.\u201c<\/em><strong>&#8211; UAB \u201eALUMNITA\u201c direktorius<\/strong><\/p>\n<p style=\"line-height: 1.2em !important;\">M\u016bs\u0173 tikslas &#8211;<\/p>\n<p style=\"\">to provide the highest level of services in the field of aluminum and steel processing in one place<\/p>\n<p style=\"text-align: center; line-height: 1.2em !important;\">Become our partner<\/p>\n<p style=\"text-align: center;\">If you have a question related to the services we provide, please write to us<\/p>","protected":false},"excerpt":{"rendered":"<p>Esame pramon\u0117s \u012fmon\u0117, teikianti metalo apdirbimo paslaugas. Esame spar\u010diai auganti \u012fmon\u0117, kurios pagrindinis tikslas yra teikti auk\u0161\u010diausio lygio paslaugas metalo apdirbimo (aliuminio, plieno ner\u016bdijan\u010dio plieno, \u017ealvario ir kit\u0173 metal\u0173) srityse. \u0160\u012f tiksl\u0105 leid\u017eia pasiekti, tai, jog gamyboje naudojame naujausias technologijas, taip pat m\u016bs\u0173 komanda sudaro didel\u0119 patirt\u012f turintys, ambicingi bei gab\u016bs specialistai. M\u016bs\u0173 privalumas \u2013 [&hellip;]<\/p>","protected":false},"author":1,"featured_media":6763,"parent":0,"menu_order":0,"comment_status":"closed","ping_status":"closed","template":"","meta":{"slim_seo":{"title":"Apie mus - Alumnita","description":"Esame pramon\u0117s \u012fmon\u0117, teikianti metalo apdirbimo paslaugas. Esame spar\u010diai auganti \u012fmon\u0117, kurios pagrindinis tikslas yra teikti auk\u0161\u010diausio lygio paslaugas meta"},"footnotes":""},"class_list":["post-6865","page","type-page","status-publish","has-post-thumbnail","hentry","post-wrapper","thrv_wrapper"],"_links":{"self":[{"href":"https:\/\/www.alumnita.lt\/en\/wp-json\/wp\/v2\/pages\/6865","targetHints":{"allow":["GET"]}}],"collection":[{"href":"https:\/\/www.alumnita.lt\/en\/wp-json\/wp\/v2\/pages"}],"about":[{"href":"https:\/\/www.alumnita.lt\/en\/wp-json\/wp\/v2\/types\/page"}],"author":[{"embeddable":true,"href":"https:\/\/www.alumnita.lt\/en\/wp-json\/wp\/v2\/users\/1"}],"replies":[{"embeddable":true,"href":"https:\/\/www.alumnita.lt\/en\/wp-json\/wp\/v2\/comments?post=6865"}],"version-history":[{"count":14,"href":"https:\/\/www.alumnita.lt\/en\/wp-json\/wp\/v2\/pages\/6865\/revisions"}],"predecessor-version":[{"id":7136,"href":"https:\/\/www.alumnita.lt\/en\/wp-json\/wp\/v2\/pages\/6865\/revisions\/7136"}],"wp:featuredmedia":[{"embeddable":true,"href":"https:\/\/www.alumnita.lt\/en\/wp-json\/wp\/v2\/media\/6763"}],"wp:attachment":[{"href":"https:\/\/www.alumnita.lt\/en\/wp-json\/wp\/v2\/media?parent=6865"}],"curies":[{"name":"wp","href":"https:\/\/api.w.org\/{rel}","templated":true}]}}