{"id":6810,"date":"2023-01-29T14:23:49","date_gmt":"2023-01-29T12:23:49","guid":{"rendered":"https:\/\/www.alumnita.lt\/?page_id=6810"},"modified":"2023-02-03T12:30:17","modified_gmt":"2023-02-03T10:30:17","slug":"surinkimas","status":"publish","type":"page","link":"https:\/\/www.alumnita.lt\/en\/surinkimas\/","title":{"rendered":"Assembly"},"content":{"rendered":"<p><span style=\"letter-spacing: 0px;\">In our assembly line <strong>we assemble components into semi-finished or complete products.<\/strong> The conveyor assembly line allows us to efficiently assemble the products and pack them.<\/span><\/p>\n<p><span style=\"letter-spacing: 0px;\">When it comes to mechanical assembly, we <strong>we have the experience to attach the required parts to the product<\/strong>, for example by riveting or screwing. Collection is an important service for our customers because we take care of the collection and the customer saves time.<strong><\/strong><\/span><\/p>\n<p><span style=\"letter-spacing: 0px;\"><strong><\/strong><\/span><span style=\"letter-spacing: 0px;\">More information: <\/span><a href=\"mailto:info@alumnita.lt\" style=\"outline: none;\"><strong><span style=\"letter-spacing: 0px;\">info@alumnita.lt<\/span><\/strong><\/a><\/p>\n<p><span><img decoding=\"async\" alt=\"metalo irenginiu surinkimas\" data-id=\"6760\" data-init-width=\"1119\" data-init-height=\"309\" title=\"surinkimas\" loading=\"lazy\" src=\"\/\/www.alumnita.lt\/wp-content\/uploads\/2023\/01\/surinkimasMask-Group-14.png\" data-width=\"1119\" style=\"\" width=\"1119\" height=\"309\"><\/span><\/p>\n<h3 style=\"text-align: center;\">Other services provided<\/h3>\n<p><a href=\"https:\/\/www.alumnita.lt\/en\/suvirinimas\/\"><span><img decoding=\"async\" alt=\"\" data-id=\"6916\" data-init-width=\"131\" data-init-height=\"93\" title=\"\" loading=\"lazy\" src=\"\/\/www.alumnita.lt\/wp-content\/uploads\/2023\/01\/Layer-2@2x-3.png\" data-width=\"65\" style=\"\" width=\"65\" height=\"93\"><\/span><\/p>\n<p style=\"text-align: center;\">Welding<\/p>\n<p><\/a><a href=\"https:\/\/www.alumnita.lt\/en\/vamzdziu-lenkimas\/\"><span><img decoding=\"async\" alt=\"\" data-id=\"6918\" data-init-width=\"97\" data-init-height=\"97\" title=\"\" loading=\"lazy\" src=\"\/\/www.alumnita.lt\/wp-content\/uploads\/2023\/01\/Layer-1@2x.png\" data-width=\"49\" width=\"49\" height=\"97\"><\/span><\/p>\n<p style=\"text-align: center;\">Vamzd\u017ei\u0173lenkimas<\/p>\n<p><\/a><a href=\"https:\/\/www.alumnita.lt\/en\/miltelinis-dazymas\/\"><span><img decoding=\"async\" alt=\"\" data-id=\"6884\" data-init-width=\"159\" data-init-height=\"104\" title=\"\" loading=\"lazy\" src=\"\/\/www.alumnita.lt\/wp-content\/uploads\/2023\/01\/svg852@2x-1.png\" data-width=\"75\" style=\"\" width=\"75\" height=\"104\"><\/span><\/p>\n<p style=\"text-align: center;\">Miltelinisda\u017eymas<\/p>\n<p><\/a><a href=\"https:\/\/www.alumnita.lt\/en\/frezavimo-darbai\/\"><span><img decoding=\"async\" alt=\"\" data-id=\"6920\" data-init-width=\"83\" data-init-height=\"109\" title=\"\" loading=\"lazy\" src=\"\/\/www.alumnita.lt\/wp-content\/uploads\/2023\/01\/Capa-1@2x.png\" data-width=\"41\" style=\"\" width=\"41\" height=\"109\"><\/span><\/p>\n<p style=\"text-align: center;\">Frezavimodarbai<\/p>\n<p><\/a><a href=\"https:\/\/www.alumnita.lt\/en\/stampavimas\/\"><span><img decoding=\"async\" alt=\"\" data-id=\"6921\" data-init-width=\"93\" data-init-height=\"88\" title=\"\" loading=\"lazy\" src=\"\/\/www.alumnita.lt\/wp-content\/uploads\/2023\/01\/Layer-2@2x-4.png\" data-width=\"46\" style=\"\" width=\"46\" height=\"88\"><\/span><\/p>\n<p style=\"text-align: center;\">Stamping<\/p>\n<p><\/a><\/p>","protected":false},"excerpt":{"rendered":"<p>M\u016bs\u0173 surinkimo linijoje surenkame komponentus \u012f pusgaminius arba pilnus gaminius. Konvejerin\u0117 surinkimo linija mums leid\u017eia efektyviai surinkti gaminius bei juos supakuoti. Kalbant apie mechanin\u012f surinkim\u0105, mes turime patirties, kad gal\u0117tume pritvirtinti reikiamas dalis prie gaminio, pavyzd\u017eiui, kniedydami ar prisukdami. Surinkimas yra svarbi paslauga m\u016bs\u0173 klientams, nes mes pasir\u016bpiname surinkimu, o klientas taupo laik\u0105. Daugiau informacijos: [&hellip;]<\/p>","protected":false},"author":1,"featured_media":6759,"parent":0,"menu_order":0,"comment_status":"closed","ping_status":"closed","template":"","meta":{"slim_seo":{"title":"Metalo gamini\u0173 surinkimo paslaugos","description":"M\u016bs\u0173 surinkimo linijoje surenkame komponentus \u012f pusgaminius arba pilnus gaminius. Konvejerin\u0117 surinkimo linija mums leid\u017eia efektyviai surinkti gaminius bei juo"},"footnotes":""},"class_list":["post-6810","page","type-page","status-publish","has-post-thumbnail","hentry","post-wrapper","thrv_wrapper"],"_links":{"self":[{"href":"https:\/\/www.alumnita.lt\/en\/wp-json\/wp\/v2\/pages\/6810","targetHints":{"allow":["GET"]}}],"collection":[{"href":"https:\/\/www.alumnita.lt\/en\/wp-json\/wp\/v2\/pages"}],"about":[{"href":"https:\/\/www.alumnita.lt\/en\/wp-json\/wp\/v2\/types\/page"}],"author":[{"embeddable":true,"href":"https:\/\/www.alumnita.lt\/en\/wp-json\/wp\/v2\/users\/1"}],"replies":[{"embeddable":true,"href":"https:\/\/www.alumnita.lt\/en\/wp-json\/wp\/v2\/comments?post=6810"}],"version-history":[{"count":13,"href":"https:\/\/www.alumnita.lt\/en\/wp-json\/wp\/v2\/pages\/6810\/revisions"}],"predecessor-version":[{"id":7116,"href":"https:\/\/www.alumnita.lt\/en\/wp-json\/wp\/v2\/pages\/6810\/revisions\/7116"}],"wp:featuredmedia":[{"embeddable":true,"href":"https:\/\/www.alumnita.lt\/en\/wp-json\/wp\/v2\/media\/6759"}],"wp:attachment":[{"href":"https:\/\/www.alumnita.lt\/en\/wp-json\/wp\/v2\/media?parent=6810"}],"curies":[{"name":"wp","href":"https:\/\/api.w.org\/{rel}","templated":true}]}}