{"id":6807,"date":"2023-01-29T14:22:27","date_gmt":"2023-01-29T12:22:27","guid":{"rendered":"https:\/\/www.alumnita.lt\/?page_id=6807"},"modified":"2023-02-03T12:50:39","modified_gmt":"2023-02-03T10:50:39","slug":"frezavimo-darbai","status":"publish","type":"page","link":"https:\/\/www.alumnita.lt\/en\/frezavimo-darbai\/","title":{"rendered":"Milling works <i>(CNC machines)<\/i>"},"content":{"rendered":"<p><a style=\"outline: none;\" href=\"https:\/\/www.alumnita.lt\/en\/\" target=\"_blank\" rel=\"noopener\"><strong><span style=\"letter-spacing: 0.3px;\">UAB &quot;Alumnita&quot;<\/span><\/strong><span style=\"letter-spacing: 0.30px;\"><span style=\"letter-spacing: 0.px;\"><span style=\"letter-spacing: \u0105px;\">\u00a0<\/span><\/span><\/span><\/a><span style=\"letter-spacing: 0.30px;\"><span style=\"letter-spacing: 0.px;\"><span style=\"letter-spacing: \u0105px;\">&#8211; frezavimo darbus atliekame naudodami<strong> 3-axis <\/strong>or<strong> 4-axis CNC <\/strong>machine tools. With CNC milling machines, we can process not only simple steel, but also non-ferrous metals and plastics. By milling we can <strong>milling contours, drilling, tapping, deepening, widening, pouring and forming various surfaces of parts.<\/strong> Galimyb\u0117 frezuoti iki 1000 mm ilgio detales.Teikiame bet kokio sud\u0117tingumo CNC apdirbimo paslaugas.<\/span><\/span><\/span><\/p>\n<p><span style=\"letter-spacing: 0.30px;\"><span style=\"letter-spacing: 0.px;\"><span style=\"letter-spacing: \u0105px;\">More information: <\/span><\/span><\/span><a style=\"outline: none;\" href=\"mailto:info@alumnita.lt\"><strong><span style=\"letter-spacing: 0.3px;\">info@alumnita.lt<\/span><\/strong><\/a><\/p>\n<p><img loading=\"lazy\" decoding=\"async\" title=\"CNC stakles\" src=\"\/\/www.alumnita.lt\/wp-content\/uploads\/2023\/01\/frezavimoMask-Group-14.png\" alt=\"frezavimo paslaugos\" width=\"1119\" height=\"309\" data-id=\"6749\" data-init-width=\"1119\" data-init-height=\"309\" data-width=\"1119\" \/><\/p>\n<h3 style=\"text-align: center;\">Other services provided<\/h3>\n<p><a href=\"https:\/\/www.alumnita.lt\/en\/suvirinimas\/\"><img loading=\"lazy\" decoding=\"async\" title=\"\" src=\"\/\/www.alumnita.lt\/wp-content\/uploads\/2023\/01\/Layer-2@2x-3.png\" alt=\"\" width=\"65\" height=\"93\" data-id=\"6916\" data-init-width=\"131\" data-init-height=\"93\" data-width=\"65\" \/><\/a><\/p>\n<p style=\"text-align: center;\">Welding<\/p>\n<p><a href=\"https:\/\/www.alumnita.lt\/en\/vamzdziu-lenkimas\/\"><img loading=\"lazy\" decoding=\"async\" title=\"\" src=\"\/\/www.alumnita.lt\/wp-content\/uploads\/2023\/01\/Layer-1@2x.png\" alt=\"\" width=\"49\" height=\"97\" data-id=\"6918\" data-init-width=\"97\" data-init-height=\"97\" data-width=\"49\" \/><\/a><\/p>\n<p style=\"text-align: center;\">Vamzd\u017ei\u0173lenkimas<\/p>\n<p><a href=\"https:\/\/www.alumnita.lt\/en\/miltelinis-dazymas\/\"><img loading=\"lazy\" decoding=\"async\" title=\"\" src=\"\/\/www.alumnita.lt\/wp-content\/uploads\/2023\/01\/svg852@2x-1.png\" alt=\"\" width=\"75\" height=\"104\" data-id=\"6884\" data-init-width=\"159\" data-init-height=\"104\" data-width=\"75\" \/><\/a><\/p>\n<p style=\"text-align: center;\">Miltelinisda\u017eymas<\/p>\n<p><a href=\"https:\/\/www.alumnita.lt\/en\/stampavimas\/\"><img loading=\"lazy\" decoding=\"async\" title=\"\" src=\"\/\/www.alumnita.lt\/wp-content\/uploads\/2023\/01\/Layer-2@2x-4.png\" alt=\"\" width=\"46\" height=\"88\" data-id=\"6921\" data-init-width=\"93\" data-init-height=\"88\" data-width=\"46\" \/><\/a><\/p>\n<p style=\"text-align: center;\">Stamping<\/p>\n<p><a href=\"https:\/\/www.alumnita.lt\/en\/surinkimas\/\"><img loading=\"lazy\" decoding=\"async\" title=\"\" src=\"\/\/www.alumnita.lt\/wp-content\/uploads\/2023\/01\/Layer-3@2x.png\" alt=\"\" width=\"49\" height=\"98\" data-id=\"6922\" data-init-width=\"99\" data-init-height=\"98\" data-width=\"49\" \/><\/a><\/p>\n<p style=\"text-align: center;\">Assembly<\/p>\n<p>&nbsp;<\/p>","protected":false},"excerpt":{"rendered":"<p>UAB ,,Alumnita\u201c\u00a0&#8211; frezavimo darbus atliekame naudodami 3-a\u0161es arba 4-a\u0161es CNC stakles. Su CNC frezavimo stakl\u0117mis galime apdirbti ne tik paprast\u0105 plien\u0105, bet ir spalvotuosius metalus bei plastikus. Frezavimo b\u016bdu galime frezuoti kont\u016brus, gr\u0119\u017eti, sriegti, gilinti, pl\u0117sti, i\u0161tekinti bei suformuoti \u012fvairius detali\u0173 pavir\u0161ius. Galimyb\u0117 frezuoti iki 1000 mm ilgio detales.Teikiame bet kokio sud\u0117tingumo CNC apdirbimo paslaugas. [&hellip;]<\/p>","protected":false},"author":1,"featured_media":6978,"parent":0,"menu_order":0,"comment_status":"closed","ping_status":"closed","template":"","meta":{"slim_seo":{"title":"Frezavimo paslaugos","description":"UAB ,,Alumnita\u201c \u00a0 - frezavimo darbus atliekame naudodami 3-a\u0161es arba 4-a\u0161es CNC stakles. Su CNC frezavimo stakl\u0117mis galime apdirbti ne tik paprast\u0105 plien\u0105, bet"},"footnotes":""},"class_list":["post-6807","page","type-page","status-publish","has-post-thumbnail","hentry","post-wrapper","thrv_wrapper"],"_links":{"self":[{"href":"https:\/\/www.alumnita.lt\/en\/wp-json\/wp\/v2\/pages\/6807","targetHints":{"allow":["GET"]}}],"collection":[{"href":"https:\/\/www.alumnita.lt\/en\/wp-json\/wp\/v2\/pages"}],"about":[{"href":"https:\/\/www.alumnita.lt\/en\/wp-json\/wp\/v2\/types\/page"}],"author":[{"embeddable":true,"href":"https:\/\/www.alumnita.lt\/en\/wp-json\/wp\/v2\/users\/1"}],"replies":[{"embeddable":true,"href":"https:\/\/www.alumnita.lt\/en\/wp-json\/wp\/v2\/comments?post=6807"}],"version-history":[{"count":22,"href":"https:\/\/www.alumnita.lt\/en\/wp-json\/wp\/v2\/pages\/6807\/revisions"}],"predecessor-version":[{"id":7122,"href":"https:\/\/www.alumnita.lt\/en\/wp-json\/wp\/v2\/pages\/6807\/revisions\/7122"}],"wp:featuredmedia":[{"embeddable":true,"href":"https:\/\/www.alumnita.lt\/en\/wp-json\/wp\/v2\/media\/6978"}],"wp:attachment":[{"href":"https:\/\/www.alumnita.lt\/en\/wp-json\/wp\/v2\/media?parent=6807"}],"curies":[{"name":"wp","href":"https:\/\/api.w.org\/{rel}","templated":true}]}}