{"id":6804,"date":"2023-01-29T14:20:44","date_gmt":"2023-01-29T12:20:44","guid":{"rendered":"https:\/\/www.alumnita.lt\/?page_id=6804"},"modified":"2023-02-03T12:47:26","modified_gmt":"2023-02-03T10:47:26","slug":"vamzdziu-lenkimas","status":"publish","type":"page","link":"https:\/\/www.alumnita.lt\/en\/vamzdziu-lenkimas\/","title":{"rendered":"Pipe bending"},"content":{"rendered":"<p style=\"text-align: left;\"><a style=\"outline: none;\" href=\"https:\/\/www.alumnita.lt\/en\/apie-mus\/\" target=\"_blank\" rel=\"noopener\"><strong>UAB &quot;Alumnita&quot;<\/strong><\/a> provides pipe bending service. <strong>We use modern bending equipment for bending and forming parts<\/strong><strong>s.<\/strong> We bend steel and aluminum pipes with double-headed pipe bending machines CM40\/1A of the Italian manufacturer &quot;SMS Engineering&quot;. Using this machine, we can bend pipes with a diameter of up to 40 mm, the maximum distance between the bending radii is 1400 mm. Using this machine <strong>it is possible to effectively bend symmetrical U-shaped parts by performing both bends at the same time.<\/strong><\/p>\n<p style=\"text-align: left;\">You can find out more information about the provided service: <a style=\"outline: none;\" href=\"mailto:info@alumnita.lt\"><strong>info@alumnita.lt<\/strong><\/a><\/p>\n<p><img loading=\"lazy\" decoding=\"async\" title=\"metalo vamzdziai\" src=\"\/\/www.alumnita.lt\/wp-content\/uploads\/2023\/01\/lenkimasMask-Group-14.png\" alt=\"vamzdziu lenkimas\" width=\"1119\" height=\"309\" data-id=\"6752\" data-init-width=\"1119\" data-init-height=\"309\" data-width=\"1119\" \/><\/p>\n<h3 style=\"text-align: center;\">Other services provided<\/h3>\n<p><a href=\"https:\/\/www.alumnita.lt\/en\/suvirinimas\/\"><img loading=\"lazy\" decoding=\"async\" title=\"\" src=\"\/\/www.alumnita.lt\/wp-content\/uploads\/2023\/01\/Layer-2@2x-3.png\" alt=\"\" width=\"65\" height=\"93\" data-id=\"6916\" data-init-width=\"131\" data-init-height=\"93\" data-width=\"65\" \/><\/a><\/p>\n<p style=\"text-align: center;\">Welding<\/p>\n<p><a href=\"https:\/\/www.alumnita.lt\/en\/miltelinis-dazymas\/\"><img loading=\"lazy\" decoding=\"async\" title=\"\" src=\"\/\/www.alumnita.lt\/wp-content\/uploads\/2023\/01\/svg852@2x-1.png\" alt=\"\" width=\"75\" height=\"104\" data-id=\"6884\" data-init-width=\"159\" data-init-height=\"104\" data-width=\"75\" \/><\/a><\/p>\n<p style=\"text-align: center;\">Miltelinisda\u017eymas<\/p>\n<p><a href=\"https:\/\/www.alumnita.lt\/en\/frezavimo-darbai\/\"><img loading=\"lazy\" decoding=\"async\" title=\"\" src=\"\/\/www.alumnita.lt\/wp-content\/uploads\/2023\/01\/Capa-1@2x.png\" alt=\"\" width=\"41\" height=\"109\" data-id=\"6920\" data-init-width=\"83\" data-init-height=\"109\" data-width=\"41\" \/><\/a><\/p>\n<p style=\"text-align: center;\">Frezavimodarbai<\/p>\n<p><a href=\"https:\/\/www.alumnita.lt\/en\/stampavimas\/\"><img loading=\"lazy\" decoding=\"async\" title=\"\" src=\"\/\/www.alumnita.lt\/wp-content\/uploads\/2023\/01\/Layer-2@2x-4.png\" alt=\"\" width=\"46\" height=\"88\" data-id=\"6921\" data-init-width=\"93\" data-init-height=\"88\" data-width=\"46\" \/><\/a><\/p>\n<p style=\"text-align: center;\">Stamping<\/p>\n<p><a href=\"https:\/\/www.alumnita.lt\/en\/surinkimas\/\"><img loading=\"lazy\" decoding=\"async\" title=\"\" src=\"\/\/www.alumnita.lt\/wp-content\/uploads\/2023\/01\/Layer-3@2x.png\" alt=\"\" width=\"49\" height=\"98\" data-id=\"6922\" data-init-width=\"99\" data-init-height=\"98\" data-width=\"49\" \/><\/a><\/p>\n<p style=\"text-align: center;\">Assembly<\/p>\n<p>&nbsp;<\/p>","protected":false},"excerpt":{"rendered":"<p>UAB \u201eAlumnita\u201c teikia vamzd\u017ei\u0173 lenkimo paslaug\u0105. Detali\u0173 lankstymui bei formavimui naudojame modernius lankstymo \u012frengimus. Plieninius bei aliuminius vamzd\u017eius lenkiame dvigalv\u0117mis ital\u0173 gamintojo \u201eSMS Engineering\u201c vamzd\u017ei\u0173 lenkimo stakl\u0117mis CM40\/1A. Naudodami \u0161ias stakles galime lenkti iki 40 mm skersmens vamzd\u017eius, maksimalus atstumas tarp lenkimo spinduli\u0173 \u2013 1400 mm. Naudojant \u0161ias stakles galima efektyviai lenkti simetri\u0161kas U formos [&hellip;]<\/p>","protected":false},"author":1,"featured_media":6762,"parent":0,"menu_order":0,"comment_status":"closed","ping_status":"closed","template":"","meta":{"slim_seo":{"title":"Vamzd\u017ei\u0173 lenkimo paslaugos","description":"UAB \u201eAlumnita\u201c teikia vamzd\u017ei\u0173 lenkimo paslaug\u0105. Detali\u0173 lankstymui bei formavimui naudojame modernius lankstymo \u012frengimu s. Plieninius bei aliuminius vamzd\u017eius"},"footnotes":""},"class_list":["post-6804","page","type-page","status-publish","has-post-thumbnail","hentry","post-wrapper","thrv_wrapper"],"_links":{"self":[{"href":"https:\/\/www.alumnita.lt\/en\/wp-json\/wp\/v2\/pages\/6804","targetHints":{"allow":["GET"]}}],"collection":[{"href":"https:\/\/www.alumnita.lt\/en\/wp-json\/wp\/v2\/pages"}],"about":[{"href":"https:\/\/www.alumnita.lt\/en\/wp-json\/wp\/v2\/types\/page"}],"author":[{"embeddable":true,"href":"https:\/\/www.alumnita.lt\/en\/wp-json\/wp\/v2\/users\/1"}],"replies":[{"embeddable":true,"href":"https:\/\/www.alumnita.lt\/en\/wp-json\/wp\/v2\/comments?post=6804"}],"version-history":[{"count":21,"href":"https:\/\/www.alumnita.lt\/en\/wp-json\/wp\/v2\/pages\/6804\/revisions"}],"predecessor-version":[{"id":7119,"href":"https:\/\/www.alumnita.lt\/en\/wp-json\/wp\/v2\/pages\/6804\/revisions\/7119"}],"wp:featuredmedia":[{"embeddable":true,"href":"https:\/\/www.alumnita.lt\/en\/wp-json\/wp\/v2\/media\/6762"}],"wp:attachment":[{"href":"https:\/\/www.alumnita.lt\/en\/wp-json\/wp\/v2\/media?parent=6804"}],"curies":[{"name":"wp","href":"https:\/\/api.w.org\/{rel}","templated":true}]}}