{"id":6800,"date":"2023-01-29T14:19:28","date_gmt":"2023-01-29T12:19:28","guid":{"rendered":"https:\/\/www.alumnita.lt\/?page_id=6800"},"modified":"2023-02-03T12:48:49","modified_gmt":"2023-02-03T10:48:49","slug":"stampavimas","status":"publish","type":"page","link":"https:\/\/www.alumnita.lt\/en\/stampavimas\/","title":{"rendered":"Stamping"},"content":{"rendered":"<p><a style=\"outline: none;\" href=\"https:\/\/www.alumnita.lt\/en\/apie-mus\/\" target=\"_blank\" rel=\"noopener\"><strong><span style=\"letter-spacing: 0px;\">UAB &quot;Alumnita&quot;\u00a0<\/span><\/strong><\/a><span style=\"letter-spacing: 0px;\"><span style=\"letter-spacing: 0.px;\">provides aluminum and steel stamping and forming services. To perform these works, we use 12 presses from the Dutch manufacturer &quot;ter Hart&quot; and &quot;Gosmeta&quot;, whose capacity ranges from 6 to 25 tons, and one 40-ton &quot;Dirinler&quot; press. For large-scale production, mechanical presses are an extremely efficient way of producing individual parts, because an individual die is used separately for each product.<\/span><\/span><\/p>\n<p><span style=\"letter-spacing: 0px;\"><strong>We use dies that are made in such a way that they can be quickly and easily changed without disrupting the production process.<\/strong><\/span><\/p>\n<p><span style=\"letter-spacing: 0px;\">You can find out more information about the provided service:\u00a0<\/span><a style=\"outline: none;\" href=\"mailto:info@alumnita.lt\"><strong><span style=\"letter-spacing: 0px;\">info@alumnita.lt<\/span><\/strong><\/a><\/p>\n<p><img loading=\"lazy\" decoding=\"async\" title=\"stampavimo stakles\" src=\"\/\/www.alumnita.lt\/wp-content\/uploads\/2023\/01\/Mask-Group-14stamp.png\" alt=\"metalo formavimas\" width=\"1119\" height=\"309\" data-id=\"6754\" data-init-width=\"1119\" data-init-height=\"309\" data-width=\"1119\" \/><\/p>\n<h3 style=\"text-align: center;\">Other services provided<\/h3>\n<p><a href=\"https:\/\/www.alumnita.lt\/en\/suvirinimas\/\"><img loading=\"lazy\" decoding=\"async\" title=\"\" src=\"\/\/www.alumnita.lt\/wp-content\/uploads\/2023\/01\/Layer-2@2x-3.png\" alt=\"\" width=\"65\" height=\"93\" data-id=\"6916\" data-init-width=\"131\" data-init-height=\"93\" data-width=\"65\" \/><\/a><\/p>\n<p style=\"text-align: center;\">Welding<\/p>\n<p><a href=\"https:\/\/www.alumnita.lt\/en\/vamzdziu-lenkimas\/\"><img loading=\"lazy\" decoding=\"async\" title=\"\" src=\"\/\/www.alumnita.lt\/wp-content\/uploads\/2023\/01\/Layer-1@2x.png\" alt=\"\" width=\"49\" height=\"97\" data-id=\"6918\" data-init-width=\"97\" data-init-height=\"97\" data-width=\"49\" \/><\/a><\/p>\n<p style=\"text-align: center;\">Vamzd\u017ei\u0173lenkimas<\/p>\n<p><a href=\"https:\/\/www.alumnita.lt\/en\/miltelinis-dazymas\/\"><img loading=\"lazy\" decoding=\"async\" title=\"\" src=\"\/\/www.alumnita.lt\/wp-content\/uploads\/2023\/01\/svg852@2x-1.png\" alt=\"\" width=\"75\" height=\"104\" data-id=\"6884\" data-init-width=\"159\" data-init-height=\"104\" data-width=\"75\" \/><\/a><\/p>\n<p style=\"text-align: center;\">Miltelinisda\u017eymas<\/p>\n<p><a href=\"https:\/\/www.alumnita.lt\/en\/frezavimo-darbai\/\"><img loading=\"lazy\" decoding=\"async\" title=\"\" src=\"\/\/www.alumnita.lt\/wp-content\/uploads\/2023\/01\/Capa-1@2x.png\" alt=\"\" width=\"41\" height=\"109\" data-id=\"6920\" data-init-width=\"83\" data-init-height=\"109\" data-width=\"41\" \/><\/a><\/p>\n<p style=\"text-align: center;\">Frezavimodarbai<\/p>\n<p><a href=\"https:\/\/www.alumnita.lt\/en\/surinkimas\/\"><img loading=\"lazy\" decoding=\"async\" title=\"\" src=\"\/\/www.alumnita.lt\/wp-content\/uploads\/2023\/01\/Layer-3@2x.png\" alt=\"\" width=\"49\" height=\"98\" data-id=\"6922\" data-init-width=\"99\" data-init-height=\"98\" data-width=\"49\" \/><\/a><\/p>\n<p style=\"text-align: center;\">Assembly<\/p>\n<p>&nbsp;<\/p>","protected":false},"excerpt":{"rendered":"<p>UAB \u201eAlumnita\u201c\u00a0teikia aliuminio ir plieno \u0161tampavimo bei formavimo paslaugas. \u0160i\u0173 darb\u0173 atlikimui naudojame 12 oland\u0173 gamintojo \u201eter Hart\u201c ir \u201eGosmeta\u201c pres\u0173, kuri\u0173 galingumas siekia nuo 6 iki 25 ton\u0173 bei vien\u0105 40 ton\u0173 \u201eDirinler\u201c pres\u0105. Didel\u0117s apimties gamybai mechaniniai presai yra itin efektyvus atskir\u0173 detali\u0173 gamybos b\u016bdas, nes yra naudojamas individualus \u0161tampas atskirai kiekvienam produktui. [&hellip;]<\/p>","protected":false},"author":1,"featured_media":6758,"parent":0,"menu_order":0,"comment_status":"closed","ping_status":"closed","template":"","meta":{"slim_seo":{"title":"Aliuminio ir plieno \u0161tampavimo paslaugos","description":"UAB \u201eAlumnita\u201c\u00a0 teikia aliuminio ir plieno \u0161tampavimo bei formavimo paslaugas. \u0160i\u0173 darb\u0173 atlikimui naudojame 12 oland\u0173 gamintojo \u201eter Hart\u201c ir \u201eGosmeta\u201c pres\u0173,"},"footnotes":""},"class_list":["post-6800","page","type-page","status-publish","has-post-thumbnail","hentry","post-wrapper","thrv_wrapper"],"_links":{"self":[{"href":"https:\/\/www.alumnita.lt\/en\/wp-json\/wp\/v2\/pages\/6800","targetHints":{"allow":["GET"]}}],"collection":[{"href":"https:\/\/www.alumnita.lt\/en\/wp-json\/wp\/v2\/pages"}],"about":[{"href":"https:\/\/www.alumnita.lt\/en\/wp-json\/wp\/v2\/types\/page"}],"author":[{"embeddable":true,"href":"https:\/\/www.alumnita.lt\/en\/wp-json\/wp\/v2\/users\/1"}],"replies":[{"embeddable":true,"href":"https:\/\/www.alumnita.lt\/en\/wp-json\/wp\/v2\/comments?post=6800"}],"version-history":[{"count":22,"href":"https:\/\/www.alumnita.lt\/en\/wp-json\/wp\/v2\/pages\/6800\/revisions"}],"predecessor-version":[{"id":7121,"href":"https:\/\/www.alumnita.lt\/en\/wp-json\/wp\/v2\/pages\/6800\/revisions\/7121"}],"wp:featuredmedia":[{"embeddable":true,"href":"https:\/\/www.alumnita.lt\/en\/wp-json\/wp\/v2\/media\/6758"}],"wp:attachment":[{"href":"https:\/\/www.alumnita.lt\/en\/wp-json\/wp\/v2\/media?parent=6800"}],"curies":[{"name":"wp","href":"https:\/\/api.w.org\/{rel}","templated":true}]}}