{"id":6787,"date":"2023-01-29T13:55:53","date_gmt":"2023-01-29T11:55:53","guid":{"rendered":"https:\/\/www.alumnita.lt\/?page_id=6787"},"modified":"2025-02-14T14:13:06","modified_gmt":"2025-02-14T12:13:06","slug":"suvirinimas","status":"publish","type":"page","link":"https:\/\/www.alumnita.lt\/en\/suvirinimas\/","title":{"rendered":"Welding"},"content":{"rendered":"<p><a href=\"https:\/\/www.alumnita.lt\/en\/\" target=\"_blank\" style=\"outline: none;\"><strong>UAB &quot;Alumnita&quot;<\/strong><\/a> savo veikloje specializuojasi aliuminio, plieno ir ner\u016bdijan\u010dio plieno suvirinimo srityje. D\u017eiaugiam\u0117s gal\u0117dami savo klientams pasi\u016blyti auk\u0161tos kokyb\u0117s aliuminio, plieno, ner\u016bdijan\u010dio plieno suvirinimo paslaugas. M\u016bs\u0173 \u012fmon\u0117s i\u0161skirtinumas &#8211; aliuminio virinimas robotu, leid\u017eiantis didel\u0117s apimties darbus atlikti kokybi\u0161kai ir greitai.<\/p>\n<p>We stand out because <strong>we provide <\/strong>automated welding, ie <strong>robot welding services.<\/strong> With the help of an ABB robot, using a MIG &quot;Fronius Cold Metal Transfer&quot; welding device, <strong>we weld aluminum, steel, stainless steel,<\/strong> this allows us to perform large-scale works with high quality, accuracy and speed.<\/p>\n<p>More information: <a href=\"mailto:info@alumnita.lt\" style=\"outline: none;\"><strong>info@alumnita.lt<\/strong><\/a><\/p>\n<h4>We weld in the following ways:<\/h4>\n<ul>\n<li>MIG\/MAG fusion welding<\/li>\n<li>Robot welding<\/li>\n<\/ul>\n<p><span><img decoding=\"async\" alt=\"metalu suvirinimas\" data-id=\"6753\" width=\"1119\" data-init-width=\"1119\" height=\"309\" data-init-height=\"309\" title=\"suvirinimas\" loading=\"lazy\" src=\"\/\/www.alumnita.lt\/wp-content\/uploads\/2023\/01\/Mask-Group-13suvirinimas.png.webp\" data-width=\"1119\" style=\"aspect-ratio: auto 1119 \/ 309;\"><\/span><\/p>\n<p><strong>More about the welding method:<\/strong> Cold metal transfer (CMT) welding is performed using an inverter current source. Although this welding system is equipped with the most advanced technical equipment used by MIG\/MAG systems, it is also made with certain specific requirements in mind.<\/p>\n<p>The extremely dynamic wire feeding mechanism mounted on the welding torch is worth mentioning. After a short increase in current, the welding current drops and the welding wire engages. Only one drop separates and no welding spatter is produced. The welding wire is then pulled out again and the cycle is repeated. High frequency and extreme precision are the main requirements for proper welding control. The wire feeder on the welding torch is designed for speed control, not high pull power. Therefore, the wire is fed with the help of a more powerful but slower feed mechanism. A special tip on the feeder hose is used to change the modulated high-frequency wire feed movements to linear ones.<\/p>\n<p>You can find out more information about the provided welding service <a href=\"mailto:info@alumnita.lt\" target=\"_blank\"><strong>info@alumnita.lt<\/strong><\/a><\/p>\n<h3 style=\"text-align: center;\">Other services provided<\/h3>\n<p><a href=\"https:\/\/www.alumnita.lt\/en\/vamzdziu-lenkimas\/\"><span><img decoding=\"async\" alt=\"\" data-id=\"6918\" width=\"49\" data-init-width=\"97\" height=\"97\" data-init-height=\"97\" title=\"\" loading=\"lazy\" src=\"\/\/www.alumnita.lt\/wp-content\/uploads\/2023\/01\/Layer-1@2x.png.webp\" data-width=\"49\" style=\"aspect-ratio: auto 97 \/ 97;\"><\/span><\/p>\n<p style=\"text-align: center;\">Vamzd\u017ei\u0173lenkimas<\/p>\n<p><\/a><a href=\"https:\/\/www.alumnita.lt\/en\/miltelinis-dazymas\/\"><span><img decoding=\"async\" alt=\"\" data-id=\"6884\" width=\"75\" data-init-width=\"159\" height=\"104\" data-init-height=\"104\" title=\"\" loading=\"lazy\" src=\"\/\/www.alumnita.lt\/wp-content\/uploads\/2023\/01\/svg852@2x-1.png.webp\" data-width=\"75\" style=\"aspect-ratio: auto 159 \/ 104;\"><\/span><\/p>\n<p style=\"text-align: center;\">Miltelinisda\u017eymas<\/p>\n<p><\/a><a href=\"https:\/\/www.alumnita.lt\/en\/frezavimo-darbai\/\"><span><img decoding=\"async\" alt=\"\" data-id=\"6920\" width=\"41\" data-init-width=\"83\" height=\"109\" data-init-height=\"109\" title=\"\" loading=\"lazy\" src=\"\/\/www.alumnita.lt\/wp-content\/uploads\/2023\/01\/Capa-1@2x.png.webp\" data-width=\"41\" style=\"aspect-ratio: auto 83 \/ 109;\"><\/span><\/p>\n<p style=\"text-align: center;\">Frezavimodarbai<\/p>\n<p><\/a><a href=\"https:\/\/www.alumnita.lt\/en\/stampavimas\/\"><span><img decoding=\"async\" alt=\"\" data-id=\"6921\" width=\"46\" data-init-width=\"93\" height=\"88\" data-init-height=\"88\" title=\"\" loading=\"lazy\" src=\"\/\/www.alumnita.lt\/wp-content\/uploads\/2023\/01\/Layer-2@2x-4.png.webp\" data-width=\"46\" style=\"aspect-ratio: auto 93 \/ 88;\"><\/span><\/p>\n<p style=\"text-align: center;\">Stamping<\/p>\n<p><\/a><a href=\"https:\/\/www.alumnita.lt\/en\/surinkimas\/\"><span><img decoding=\"async\" alt=\"\" data-id=\"6922\" width=\"49\" data-init-width=\"99\" height=\"98\" data-init-height=\"98\" title=\"\" loading=\"lazy\" src=\"\/\/www.alumnita.lt\/wp-content\/uploads\/2023\/01\/Layer-3@2x.png.webp\" data-width=\"49\" style=\"aspect-ratio: auto 99 \/ 98;\"><\/span><\/p>\n<p style=\"text-align: center;\">Assembly<\/p>\n<p><\/a><\/p>","protected":false},"excerpt":{"rendered":"<p>UAB \u201eAlumnita\u201c savo veikloje specializuojasi aliuminio, plieno ir ner\u016bdijan\u010dio plieno suvirinimo srityje. D\u017eiaugiam\u0117s gal\u0117dami savo klientams pasi\u016blyti auk\u0161tos kokyb\u0117s aliuminio, plieno, ner\u016bdijan\u010dio plieno suvirinimo paslaugas. M\u016bs\u0173 \u012fmon\u0117s i\u0161skirtinumas &#8211; aliuminio virinimas robotu, leid\u017eiantis didel\u0117s apimties darbus atlikti kokybi\u0161kai ir greitai. Mes i\u0161siskiriame tuo, jog teikiame automatizuoto suvirinimo, t.y. suvirinimo robotu paslaugas. ABB roboto pagalba, naudojant [&hellip;]<\/p>","protected":false},"author":1,"featured_media":6761,"parent":0,"menu_order":0,"comment_status":"closed","ping_status":"closed","template":"","meta":{"slim_seo":{"title":"Aliuminio, plieno, ner\u016bdijan\u010dio plieno suvirinimo paslaugos","description":"UAB \u201eAlumnita\u201c savo veikloje specializuojasi aliuminio, plieno ir ner\u016bdijan\u010dio plieno suvirinimo srityje. D\u017eiaugiam\u0117s gal\u0117dami savo klientams pasi\u016blyti auk\u0161tos"},"footnotes":""},"class_list":["post-6787","page","type-page","status-publish","has-post-thumbnail","hentry","post-wrapper","thrv_wrapper"],"_links":{"self":[{"href":"https:\/\/www.alumnita.lt\/en\/wp-json\/wp\/v2\/pages\/6787","targetHints":{"allow":["GET"]}}],"collection":[{"href":"https:\/\/www.alumnita.lt\/en\/wp-json\/wp\/v2\/pages"}],"about":[{"href":"https:\/\/www.alumnita.lt\/en\/wp-json\/wp\/v2\/types\/page"}],"author":[{"embeddable":true,"href":"https:\/\/www.alumnita.lt\/en\/wp-json\/wp\/v2\/users\/1"}],"replies":[{"embeddable":true,"href":"https:\/\/www.alumnita.lt\/en\/wp-json\/wp\/v2\/comments?post=6787"}],"version-history":[{"count":28,"href":"https:\/\/www.alumnita.lt\/en\/wp-json\/wp\/v2\/pages\/6787\/revisions"}],"predecessor-version":[{"id":7188,"href":"https:\/\/www.alumnita.lt\/en\/wp-json\/wp\/v2\/pages\/6787\/revisions\/7188"}],"wp:featuredmedia":[{"embeddable":true,"href":"https:\/\/www.alumnita.lt\/en\/wp-json\/wp\/v2\/media\/6761"}],"wp:attachment":[{"href":"https:\/\/www.alumnita.lt\/en\/wp-json\/wp\/v2\/media?parent=6787"}],"curies":[{"name":"wp","href":"https:\/\/api.w.org\/{rel}","templated":true}]}}