{"id":6698,"date":"2023-01-28T19:14:42","date_gmt":"2023-01-28T17:14:42","guid":{"rendered":"https:\/\/www.alumnita.lt\/?page_id=6698"},"modified":"2023-01-29T15:13:56","modified_gmt":"2023-01-29T13:13:56","slug":"karjera","status":"publish","type":"page","link":"https:\/\/www.alumnita.lt\/en\/karjera\/","title":{"rendered":"Career"},"content":{"rendered":"<h3>We are an ambitious and fast-growing company whose main goal is to provide the highest level of service in the field of metalworking.<\/h3>\n<p>Therefore, if you are active, ambitious and want to achieve your goals together with us, we invite you to join us!<\/p>\n<p>We are waiting for you, you can send your CV: <a style=\"outline: none;\" href=\"mailto:info@alumnita.lt\" target=\"_blank\" rel=\"noopener\">info@alumnita.lt<\/a><\/p>\n<p>We also offer shipping <strong>specify the desired job position and what kind of work you expect<\/strong> and when there are vacancies, we will definitely inform you personally.<\/p>","protected":false},"excerpt":{"rendered":"<p>Esame ambicinga ir spar\u010diai auganti \u012fmon\u0117, kurios pagrindinis tikslas yra teikti auk\u0161\u010diausio lygio paslaugas metalo apdirbimo srityje. Tod\u0117l jei esate veiklus, ambicingas ir norite siekti tiksl\u0173 kartu su mumis, kvie\u010diame prisijungti prie m\u016bs\u0173! Laukiame J\u016bs\u0173, CV galite si\u0173sti: info@alumnita.lt Taip pat, siun\u010diant si\u016blome nurodyti pageidaujam\u0105 darbo pozicij\u0105 bei kokio darbo tikit\u0117s ir atsiradus laisvoms darbo [&hellip;]<\/p>","protected":false},"author":1,"featured_media":6700,"parent":0,"menu_order":0,"comment_status":"closed","ping_status":"closed","template":"","meta":{"slim_seo":{"title":"Karjera - Alumnita","description":"Esame ambicinga ir spar\u010diai auganti \u012fmon\u0117, kurios pagrindinis tikslas yra teikti auk\u0161\u010diausio lygio paslaugas metalo apdirbimo srityje. Tod\u0117l jei esate veiklus,"},"footnotes":""},"class_list":["post-6698","page","type-page","status-publish","has-post-thumbnail","hentry","post-wrapper","thrv_wrapper"],"_links":{"self":[{"href":"https:\/\/www.alumnita.lt\/en\/wp-json\/wp\/v2\/pages\/6698","targetHints":{"allow":["GET"]}}],"collection":[{"href":"https:\/\/www.alumnita.lt\/en\/wp-json\/wp\/v2\/pages"}],"about":[{"href":"https:\/\/www.alumnita.lt\/en\/wp-json\/wp\/v2\/types\/page"}],"author":[{"embeddable":true,"href":"https:\/\/www.alumnita.lt\/en\/wp-json\/wp\/v2\/users\/1"}],"replies":[{"embeddable":true,"href":"https:\/\/www.alumnita.lt\/en\/wp-json\/wp\/v2\/comments?post=6698"}],"version-history":[{"count":15,"href":"https:\/\/www.alumnita.lt\/en\/wp-json\/wp\/v2\/pages\/6698\/revisions"}],"predecessor-version":[{"id":6859,"href":"https:\/\/www.alumnita.lt\/en\/wp-json\/wp\/v2\/pages\/6698\/revisions\/6859"}],"wp:featuredmedia":[{"embeddable":true,"href":"https:\/\/www.alumnita.lt\/en\/wp-json\/wp\/v2\/media\/6700"}],"wp:attachment":[{"href":"https:\/\/www.alumnita.lt\/en\/wp-json\/wp\/v2\/media?parent=6698"}],"curies":[{"name":"wp","href":"https:\/\/api.w.org\/{rel}","templated":true}]}}