{"id":6693,"date":"2023-01-28T18:43:02","date_gmt":"2023-01-28T16:43:02","guid":{"rendered":"https:\/\/www.alumnita.lt\/?page_id=6693"},"modified":"2025-02-14T14:29:45","modified_gmt":"2025-02-14T12:29:45","slug":"titulinis","status":"publish","type":"page","link":"https:\/\/www.alumnita.lt\/en\/","title":{"rendered":"Titulinis"},"content":{"rendered":"<p style=\"line-height: 1.2em !important;\">Automated<\/p>\n<p style=\"\">aluminum and steel processing<\/p>\n<h2 style=\"text-align: center; line-height: 1.2em !important;\">Services provided<\/h2>\n<p style=\"text-align: center;\">We specialize in the field of aluminum and steel processing. We are distinguished by the speed and quality of our services.<\/p>\n<p><a href=\"https:\/\/www.alumnita.lt\/en\/suvirinimas\/\"><\/p>\n<p style=\"text-align: center; line-height: 1.2em !important;\">Welding<\/p>\n<p><\/a><a href=\"https:\/\/www.alumnita.lt\/en\/vamzdziu-lenkimas\/\"><\/p>\n<p style=\"text-align: center; line-height: 1.2em !important;\">Pipe bending<\/p>\n<p><\/a><a href=\"https:\/\/www.alumnita.lt\/en\/miltelinis-dazymas\/\"><\/p>\n<p style=\"text-align: center; line-height: 1.2em !important;\">Powder coating<\/p>\n<p><\/a><a href=\"https:\/\/www.alumnita.lt\/en\/frezavimo-darbai\/\"><\/p>\n<p style=\"text-align: center; line-height: 1.2em !important;\">Frezavimo darbai(CNC stakl\u0117mis)<\/p>\n<p><\/a><a href=\"https:\/\/www.alumnita.lt\/en\/stampavimas\/\"><span><img decoding=\"async\" alt=\"\" data-id=\"6738\" data-init-width=\"87\" data-init-height=\"82\" title=\"\" loading=\"lazy\" src=\"\/\/www.alumnita.lt\/wp-content\/uploads\/2023\/01\/Layer-2@2xx.png.webp\" data-width=\"90\" style=\"aspect-ratio: auto 87 \/ 82;\" width=\"90\" height=\"82\"><\/span><\/p>\n<p style=\"text-align: center;\">Stamping<\/p>\n<p style=\"\">Stamping<\/p>\n<p style=\"\">To perform these works, we use 12 presses from the Dutch manufacturer &quot;ter Hart&quot; and &quot;Gosmeta&quot;, whose capacity reaches from 6 to 25 tons, and a 40-ton &quot;Dirinler&quot; press.<\/p>\n<p style=\"\">Learn more &gt;<\/p>\n<p><\/a><a href=\"https:\/\/www.alumnita.lt\/en\/surinkimas\/\"><span><img decoding=\"async\" alt=\"\" data-id=\"6737\" data-init-width=\"91\" data-init-height=\"91\" title=\"\" loading=\"lazy\" src=\"\/\/www.alumnita.lt\/wp-content\/uploads\/2023\/01\/Layer-2@2x.png.webp\" data-width=\"90\" style=\"aspect-ratio: auto 91 \/ 91;\" width=\"90\" height=\"91\"><\/span><\/p>\n<p style=\"text-align: center;\">Assembly<\/p>\n<p style=\"\">Assembly<\/p>\n<p style=\"\">Additionally, we offer assembly and assembly of products from separate parts and preparation for transportation.<\/p>\n<p style=\"\">Learn more &gt;<\/p>\n<p><\/a><\/p>\n<p style=\"line-height: 1.2em !important;\">M\u016bs\u0173 tikslas &#8211;<\/p>\n<p style=\"\">to provide the highest level of services in the field of aluminum and steel processing in one place<\/p>\n<p style=\"text-align: center; line-height: 1.2em !important;\">Become our partner<\/p>\n<p style=\"text-align: center;\">If you have a question related to the services we provide, please write to us<\/p>\n<h2 style=\"text-align: center; line-height: 1.2em !important;\">Atsiliepimai apie mus<\/h2>\n<pre class=\"ti-widget\" style=\"display: none\"><template id=\"trustindex-google-widget-html\"><div class=\"ti-widget ti-goog ti-disable-font ti-review-text-mode-readmore ti-content-align-center\" data-no-translation=\"true\" data-layout-id=\"36\" data-layout-category=\"slider\" data-set-id=\"drop-shadow\" data-pid=\"\" data-language=\"lt\" data-review-target-width=\"300\" data-css-version=\"2\" data-review-text-mode=\"readmore\" data-reply-by-locale=\"Atsakymas i\u0161 savininko\" data-pager-autoplay-timeout=\"6\" > <div class=\"ti-widget-container ti-col-3\"> <div class=\"ti-reviews-container\"> <div class=\"ti-controls\"> <div class=\"ti-next\" aria-label=\"Kita atsiliepim\u0105\" role=\"button\"><\/div> <div class=\"ti-prev\" aria-label=\"Ankstesn\u0117 atsiliepim\u0105\" role=\"button\"><\/div> <\/div> <div class=\"ti-reviews-container-wrapper\">  <div data-empty=\"0\" class=\"ti-review-item source-Google ti-image-layout-thumbnail\" data-id=\"cfcd208495d565ef66e7dff9f98764da\" > <div class=\"ti-inner\"> <div class=\"ti-review-header\">  <div class=\"ti-profile-img\"> <trustindex-image data-imgurl=\"https:\/\/lh3.googleusercontent.com\/a\/ACg8ocIcgao7r0GxNI2gheU2OPAvJ5mxPQ5l9sv7QwpDh39KSL5N4A=w64-h64-c-rp-mo-br100\" data-imgurlset=\"https:\/\/lh3.googleusercontent.com\/a\/ACg8ocIcgao7r0GxNI2gheU2OPAvJ5mxPQ5l9sv7QwpDh39KSL5N4A=w128-h128-c-rp-mo-br100 2x\" alt=\"Laura Laura\" loading=\"lazy\" ><\/trustindex-image> <\/div> <div class=\"ti-profile-details\"> <div class=\"ti-name\"> Laura Laura <\/div> <div class=\"ti-date\"><\/div> <\/div> <\/div> <span class=\"ti-stars\"><trustindex-image class=\"ti-star\" data-imgurl=\"https:\/\/cdn.trustindex.io\/assets\/platform\/Google\/star\/f.svg\" alt=\"Google\" width=\"17\" height=\"17\" loading=\"lazy\" ><\/trustindex-image><trustindex-image class=\"ti-star\" data-imgurl=\"https:\/\/cdn.trustindex.io\/assets\/platform\/Google\/star\/f.svg\" alt=\"Google\" width=\"17\" height=\"17\" loading=\"lazy\" ><\/trustindex-image><trustindex-image class=\"ti-star\" data-imgurl=\"https:\/\/cdn.trustindex.io\/assets\/platform\/Google\/star\/f.svg\" alt=\"Google\" width=\"17\" height=\"17\" loading=\"lazy\" ><\/trustindex-image><trustindex-image class=\"ti-star\" data-imgurl=\"https:\/\/cdn.trustindex.io\/assets\/platform\/Google\/star\/f.svg\" alt=\"Google\" width=\"17\" height=\"17\" loading=\"lazy\" ><\/trustindex-image><trustindex-image class=\"ti-star\" data-imgurl=\"https:\/\/cdn.trustindex.io\/assets\/platform\/Google\/star\/f.svg\" alt=\"Google\" width=\"17\" height=\"17\" loading=\"lazy\" ><\/trustindex-image><span class=\"ti-verified-review ti-verified-platform\"><span class=\"ti-verified-tooltip\">Trustindex patikrina, ar pirminis ap\u017evalgos \u0161altinis yra Google.<\/span><\/span><\/span> <div class=\"ti-review-text-container ti-review-content\"><!-- R-CONTENT -->D\u017eiaugiam\u0117s, nes miltelinis da\u017eymas atitiko reikalavimus. Pavir\u0161iaus apdirbimas atliktas tinkamai, danga be matom\u0173 defekt\u0173.  Konstrukcijos po da\u017eymo atrodo tvarkingos.<!-- R-CONTENT --><\/div> <span class=\"ti-read-more\" data-container=\".ti-review-content\" data-collapse-text=\"Sl\u0117pti\" data-open-text=\"Skaityti daugiau\" ><\/span> <\/div> <\/div>  <div data-empty=\"0\" class=\"ti-review-item source-Google ti-image-layout-thumbnail\" data-id=\"cfcd208495d565ef66e7dff9f98764da\" > <div class=\"ti-inner\"> <div class=\"ti-review-header\">  <div class=\"ti-profile-img\"> <trustindex-image data-imgurl=\"https:\/\/lh3.googleusercontent.com\/a\/ACg8ocJfdh1fYrIf9BC9uFB0fnrolc71K6zcUTskipSdr8AigxAnVw=w64-h64-c-rp-mo-br100\" data-imgurlset=\"https:\/\/lh3.googleusercontent.com\/a\/ACg8ocJfdh1fYrIf9BC9uFB0fnrolc71K6zcUTskipSdr8AigxAnVw=w128-h128-c-rp-mo-br100 2x\" alt=\"Laima Kondratiene\" loading=\"lazy\" ><\/trustindex-image> <\/div> <div class=\"ti-profile-details\"> <div class=\"ti-name\"> Laima Kondratiene <\/div> <div class=\"ti-date\"><\/div> <\/div> <\/div> <span class=\"ti-stars\"><trustindex-image class=\"ti-star\" data-imgurl=\"https:\/\/cdn.trustindex.io\/assets\/platform\/Google\/star\/f.svg\" alt=\"Google\" width=\"17\" height=\"17\" loading=\"lazy\" ><\/trustindex-image><trustindex-image class=\"ti-star\" data-imgurl=\"https:\/\/cdn.trustindex.io\/assets\/platform\/Google\/star\/f.svg\" alt=\"Google\" width=\"17\" height=\"17\" loading=\"lazy\" ><\/trustindex-image><trustindex-image class=\"ti-star\" data-imgurl=\"https:\/\/cdn.trustindex.io\/assets\/platform\/Google\/star\/f.svg\" alt=\"Google\" width=\"17\" height=\"17\" loading=\"lazy\" ><\/trustindex-image><trustindex-image class=\"ti-star\" data-imgurl=\"https:\/\/cdn.trustindex.io\/assets\/platform\/Google\/star\/f.svg\" alt=\"Google\" width=\"17\" height=\"17\" loading=\"lazy\" ><\/trustindex-image><trustindex-image class=\"ti-star\" data-imgurl=\"https:\/\/cdn.trustindex.io\/assets\/platform\/Google\/star\/f.svg\" alt=\"Google\" width=\"17\" height=\"17\" loading=\"lazy\" ><\/trustindex-image><span class=\"ti-verified-review ti-verified-platform\"><span class=\"ti-verified-tooltip\">Trustindex patikrina, ar pirminis ap\u017evalgos \u0161altinis yra Google.<\/span><\/span><\/span> <div class=\"ti-review-text-container ti-review-content\"><!-- R-CONTENT -->Esam patenkinti, nes miltelinis da\u017eymas atitiko m\u016bs\u0173 reikalavimus. Konstrukcijos po da\u017eymo atrodo tvarkingai, pavir\u0161iaus apdirbimas atliktas tinkamai, danga be matomu defektu<!-- R-CONTENT --><\/div> <span class=\"ti-read-more\" data-container=\".ti-review-content\" data-collapse-text=\"Sl\u0117pti\" data-open-text=\"Skaityti daugiau\" ><\/span> <\/div> <\/div>  <div data-empty=\"0\" class=\"ti-review-item source-Google ti-image-layout-thumbnail\" data-id=\"cfcd208495d565ef66e7dff9f98764da\" > <div class=\"ti-inner\"> <div class=\"ti-review-header\">  <div class=\"ti-profile-img\"> <trustindex-image data-imgurl=\"https:\/\/lh3.googleusercontent.com\/a\/ACg8ocIHz6wtW6Ug29LJbRp5S-zdWvmKVo95l8EEkGbXstsBL7fY=w64-h64-c-rp-mo-br100\" data-imgurlset=\"https:\/\/lh3.googleusercontent.com\/a\/ACg8ocIHz6wtW6Ug29LJbRp5S-zdWvmKVo95l8EEkGbXstsBL7fY=w128-h128-c-rp-mo-br100 2x\" alt=\"Tipi Tapi\" loading=\"lazy\" ><\/trustindex-image> <\/div> <div class=\"ti-profile-details\"> <div class=\"ti-name\"> Tipi Tapi <\/div> <div class=\"ti-date\"><\/div> <\/div> <\/div> <span class=\"ti-stars\"><trustindex-image class=\"ti-star\" data-imgurl=\"https:\/\/cdn.trustindex.io\/assets\/platform\/Google\/star\/f.svg\" alt=\"Google\" width=\"17\" height=\"17\" loading=\"lazy\" ><\/trustindex-image><trustindex-image class=\"ti-star\" data-imgurl=\"https:\/\/cdn.trustindex.io\/assets\/platform\/Google\/star\/f.svg\" alt=\"Google\" width=\"17\" height=\"17\" loading=\"lazy\" ><\/trustindex-image><trustindex-image class=\"ti-star\" data-imgurl=\"https:\/\/cdn.trustindex.io\/assets\/platform\/Google\/star\/f.svg\" alt=\"Google\" width=\"17\" height=\"17\" loading=\"lazy\" ><\/trustindex-image><trustindex-image class=\"ti-star\" data-imgurl=\"https:\/\/cdn.trustindex.io\/assets\/platform\/Google\/star\/f.svg\" alt=\"Google\" width=\"17\" height=\"17\" loading=\"lazy\" ><\/trustindex-image><trustindex-image class=\"ti-star\" data-imgurl=\"https:\/\/cdn.trustindex.io\/assets\/platform\/Google\/star\/f.svg\" alt=\"Google\" width=\"17\" height=\"17\" loading=\"lazy\" ><\/trustindex-image><span class=\"ti-verified-review ti-verified-platform\"><span class=\"ti-verified-tooltip\">Trustindex patikrina, ar pirminis ap\u017evalgos \u0161altinis yra Google.<\/span><\/span><\/span> <div class=\"ti-review-text-container ti-review-content\"><!-- R-CONTENT -->Puik\u016bs kaimynai! Visuomet padeda<!-- R-CONTENT --><\/div> <span class=\"ti-read-more\" data-container=\".ti-review-content\" data-collapse-text=\"Sl\u0117pti\" data-open-text=\"Skaityti daugiau\" ><\/span> <\/div> <\/div>  <div data-empty=\"0\" class=\"ti-review-item source-Google ti-image-layout-thumbnail\" data-id=\"cfcd208495d565ef66e7dff9f98764da\" > <div class=\"ti-inner\"> <div class=\"ti-review-header\">  <div class=\"ti-profile-img\"> <trustindex-image data-imgurl=\"https:\/\/lh3.googleusercontent.com\/a\/ACg8ocIgo7ewrDTY4_dbYHx_B_LtnnIltBtdJkTzNOghVpWDgDw5ng=w64-h64-c-rp-mo-br100\" data-imgurlset=\"https:\/\/lh3.googleusercontent.com\/a\/ACg8ocIgo7ewrDTY4_dbYHx_B_LtnnIltBtdJkTzNOghVpWDgDw5ng=w128-h128-c-rp-mo-br100 2x\" alt=\"zilvinas berinkevicius\" loading=\"lazy\" ><\/trustindex-image> <\/div> <div class=\"ti-profile-details\"> <div class=\"ti-name\"> zilvinas berinkevicius <\/div> <div class=\"ti-date\"><\/div> <\/div> <\/div> <span class=\"ti-stars\"><trustindex-image class=\"ti-star\" data-imgurl=\"https:\/\/cdn.trustindex.io\/assets\/platform\/Google\/star\/f.svg\" alt=\"Google\" width=\"17\" height=\"17\" loading=\"lazy\" ><\/trustindex-image><trustindex-image class=\"ti-star\" data-imgurl=\"https:\/\/cdn.trustindex.io\/assets\/platform\/Google\/star\/f.svg\" alt=\"Google\" width=\"17\" height=\"17\" loading=\"lazy\" ><\/trustindex-image><trustindex-image class=\"ti-star\" data-imgurl=\"https:\/\/cdn.trustindex.io\/assets\/platform\/Google\/star\/f.svg\" alt=\"Google\" width=\"17\" height=\"17\" loading=\"lazy\" ><\/trustindex-image><trustindex-image class=\"ti-star\" data-imgurl=\"https:\/\/cdn.trustindex.io\/assets\/platform\/Google\/star\/f.svg\" alt=\"Google\" width=\"17\" height=\"17\" loading=\"lazy\" ><\/trustindex-image><trustindex-image class=\"ti-star\" data-imgurl=\"https:\/\/cdn.trustindex.io\/assets\/platform\/Google\/star\/f.svg\" alt=\"Google\" width=\"17\" height=\"17\" loading=\"lazy\" ><\/trustindex-image><span class=\"ti-verified-review ti-verified-platform\"><span class=\"ti-verified-tooltip\">Trustindex patikrina, ar pirminis ap\u017evalgos \u0161altinis yra Google.<\/span><\/span><\/span> <div class=\"ti-review-text-container ti-review-content\"><!-- R-CONTENT -->Darbai atlikti laiku ir kokybi\u0161kai, spalva atitinka ral kod\u0105, da\u017e\u0173 sukibimas su metalu geras.<!-- R-CONTENT --><\/div> <span class=\"ti-read-more\" data-container=\".ti-review-content\" data-collapse-text=\"Sl\u0117pti\" data-open-text=\"Skaityti daugiau\" ><\/span> <\/div> <\/div>  <div data-empty=\"0\" class=\"ti-review-item source-Google ti-image-layout-thumbnail\" data-id=\"cfcd208495d565ef66e7dff9f98764da\" > <div class=\"ti-inner\"> <div class=\"ti-review-header\">  <div class=\"ti-profile-img\"> <trustindex-image data-imgurl=\"https:\/\/lh3.googleusercontent.com\/a\/ACg8ocKiHMP01t1Y06Oj5Kb8qkl6TmEs51UaVFXao8fo96Fk9_mq8g=w64-h64-c-rp-mo-br100\" data-imgurlset=\"https:\/\/lh3.googleusercontent.com\/a\/ACg8ocKiHMP01t1Y06Oj5Kb8qkl6TmEs51UaVFXao8fo96Fk9_mq8g=w128-h128-c-rp-mo-br100 2x\" alt=\"Eimantas\" loading=\"lazy\" ><\/trustindex-image> <\/div> <div class=\"ti-profile-details\"> <div class=\"ti-name\"> Eimantas <\/div> <div class=\"ti-date\"><\/div> <\/div> <\/div> <span class=\"ti-stars\"><trustindex-image class=\"ti-star\" data-imgurl=\"https:\/\/cdn.trustindex.io\/assets\/platform\/Google\/star\/f.svg\" alt=\"Google\" width=\"17\" height=\"17\" loading=\"lazy\" ><\/trustindex-image><trustindex-image class=\"ti-star\" data-imgurl=\"https:\/\/cdn.trustindex.io\/assets\/platform\/Google\/star\/f.svg\" alt=\"Google\" width=\"17\" height=\"17\" loading=\"lazy\" ><\/trustindex-image><trustindex-image class=\"ti-star\" data-imgurl=\"https:\/\/cdn.trustindex.io\/assets\/platform\/Google\/star\/f.svg\" alt=\"Google\" width=\"17\" height=\"17\" loading=\"lazy\" ><\/trustindex-image><trustindex-image class=\"ti-star\" data-imgurl=\"https:\/\/cdn.trustindex.io\/assets\/platform\/Google\/star\/f.svg\" alt=\"Google\" width=\"17\" height=\"17\" loading=\"lazy\" ><\/trustindex-image><trustindex-image class=\"ti-star\" data-imgurl=\"https:\/\/cdn.trustindex.io\/assets\/platform\/Google\/star\/f.svg\" alt=\"Google\" width=\"17\" height=\"17\" loading=\"lazy\" ><\/trustindex-image><span class=\"ti-verified-review ti-verified-platform\"><span class=\"ti-verified-tooltip\">Trustindex patikrina, ar pirminis ap\u017evalgos \u0161altinis yra Google.<\/span><\/span><\/span> <div class=\"ti-review-text-container ti-review-content\"><!-- R-CONTENT -->Darbai atlikti laiku ir kokybi\u0161kai nuda\u017eyta \ud83d\udc4d<!-- R-CONTENT --><\/div> <span class=\"ti-read-more\" data-container=\".ti-review-content\" data-collapse-text=\"Sl\u0117pti\" data-open-text=\"Skaityti daugiau\" ><\/span> <\/div> <\/div>  <div data-empty=\"0\" class=\"ti-review-item source-Google ti-image-layout-thumbnail\" data-id=\"cfcd208495d565ef66e7dff9f98764da\" > <div class=\"ti-inner\"> <div class=\"ti-review-header\">  <div class=\"ti-profile-img\"> <trustindex-image data-imgurl=\"https:\/\/lh3.googleusercontent.com\/a\/ACg8ocJEwcIJ7In4x08QckK8LVeCPe8eUhLLRLrJQMsKTkks9KmuTw=w64-h64-c-rp-mo-br100\" data-imgurlset=\"https:\/\/lh3.googleusercontent.com\/a\/ACg8ocJEwcIJ7In4x08QckK8LVeCPe8eUhLLRLrJQMsKTkks9KmuTw=w128-h128-c-rp-mo-br100 2x\" alt=\"Vaidotas Sta\u0161k\u016bnas\" loading=\"lazy\" ><\/trustindex-image> <\/div> <div class=\"ti-profile-details\"> <div class=\"ti-name\"> Vaidotas Sta\u0161k\u016bnas <\/div> <div class=\"ti-date\"><\/div> <\/div> <\/div> <span class=\"ti-stars\"><trustindex-image class=\"ti-star\" data-imgurl=\"https:\/\/cdn.trustindex.io\/assets\/platform\/Google\/star\/f.svg\" alt=\"Google\" width=\"17\" height=\"17\" loading=\"lazy\" ><\/trustindex-image><trustindex-image class=\"ti-star\" data-imgurl=\"https:\/\/cdn.trustindex.io\/assets\/platform\/Google\/star\/f.svg\" alt=\"Google\" width=\"17\" height=\"17\" loading=\"lazy\" ><\/trustindex-image><trustindex-image class=\"ti-star\" data-imgurl=\"https:\/\/cdn.trustindex.io\/assets\/platform\/Google\/star\/f.svg\" alt=\"Google\" width=\"17\" height=\"17\" loading=\"lazy\" ><\/trustindex-image><trustindex-image class=\"ti-star\" data-imgurl=\"https:\/\/cdn.trustindex.io\/assets\/platform\/Google\/star\/f.svg\" alt=\"Google\" width=\"17\" height=\"17\" loading=\"lazy\" ><\/trustindex-image><trustindex-image class=\"ti-star\" data-imgurl=\"https:\/\/cdn.trustindex.io\/assets\/platform\/Google\/star\/f.svg\" alt=\"Google\" width=\"17\" height=\"17\" loading=\"lazy\" ><\/trustindex-image><span class=\"ti-verified-review ti-verified-platform\"><span class=\"ti-verified-tooltip\">Trustindex patikrina, ar pirminis ap\u017evalgos \u0161altinis yra Google.<\/span><\/span><\/span> <div class=\"ti-review-text-container ti-review-content\"><!-- R-CONTENT -->U\u017esakiau da\u017eyti blizgiai. Nuda\u017e\u0117, gerai supakavo, niekas nesusibrai\u017e\u0119, atrodo labai gera kokyb\u0117.<!-- R-CONTENT --><\/div> <span class=\"ti-read-more\" data-container=\".ti-review-content\" data-collapse-text=\"Sl\u0117pti\" data-open-text=\"Skaityti daugiau\" ><\/span> <\/div> <\/div>  <\/div> <div class=\"ti-controls-line\"> <div class=\"dot\"><\/div> <\/div> <\/div>    <\/div> <\/div> <\/template><\/pre><div data-src=\"https:\/\/cdn.trustindex.io\/loader.js?wp-widget\" data-template-id=\"trustindex-google-widget-html\" data-css-url=\"https:\/\/www.alumnita.lt\/wp-content\/uploads\/trustindex-google-widget.css?1739535878\"><\/div>","protected":false},"excerpt":{"rendered":"<p>Automatizuotas aliuminio ir plieno apdirbimas Teikiamos paslaugos Specializuojam\u0117s aliuminio ir plieno apdirbimo srityje bei i\u0161siskiriame paslaug\u0173 atlikimo grei\u010diu ir kokybe. Suvirinimas Vamzd\u017ei\u0173 lenkimas Miltelinis da\u017eymas Frezavimo darbai(CNC stakl\u0117mis) \u0160tampavimas \u0160tampavimas \u0160i\u0173 darb\u0173 atlikimui naudojame 12 oland\u0173 gamintojo \u201eter Hart\u201c ir \u201eGosmeta\u201c pres\u0173, kuri\u0173 galingumas siekia nuo 6 iki 25 ton\u0173 bei 40 ton\u0173 \u201eDirinler\u201c pres\u0105. [&hellip;]<\/p>","protected":false},"author":1,"featured_media":6796,"parent":0,"menu_order":0,"comment_status":"closed","ping_status":"closed","template":"","meta":{"slim_seo":{"title":"Titulinis - Alumnita","description":"Automatizuotas aliuminio ir plieno apdirbimas Teikiamos paslaugos Specializuojam\u0117s aliuminio ir plieno apdirbimo srityje bei i\u0161siskiriame paslaug\u0173 atlikimo grei"},"footnotes":""},"class_list":["post-6693","page","type-page","status-publish","has-post-thumbnail","hentry","post-wrapper","thrv_wrapper"],"_links":{"self":[{"href":"https:\/\/www.alumnita.lt\/en\/wp-json\/wp\/v2\/pages\/6693","targetHints":{"allow":["GET"]}}],"collection":[{"href":"https:\/\/www.alumnita.lt\/en\/wp-json\/wp\/v2\/pages"}],"about":[{"href":"https:\/\/www.alumnita.lt\/en\/wp-json\/wp\/v2\/types\/page"}],"author":[{"embeddable":true,"href":"https:\/\/www.alumnita.lt\/en\/wp-json\/wp\/v2\/users\/1"}],"replies":[{"embeddable":true,"href":"https:\/\/www.alumnita.lt\/en\/wp-json\/wp\/v2\/comments?post=6693"}],"version-history":[{"count":56,"href":"https:\/\/www.alumnita.lt\/en\/wp-json\/wp\/v2\/pages\/6693\/revisions"}],"predecessor-version":[{"id":7195,"href":"https:\/\/www.alumnita.lt\/en\/wp-json\/wp\/v2\/pages\/6693\/revisions\/7195"}],"wp:featuredmedia":[{"embeddable":true,"href":"https:\/\/www.alumnita.lt\/en\/wp-json\/wp\/v2\/media\/6796"}],"wp:attachment":[{"href":"https:\/\/www.alumnita.lt\/en\/wp-json\/wp\/v2\/media?parent=6693"}],"curies":[{"name":"wp","href":"https:\/\/api.w.org\/{rel}","templated":true}]}}